{"id":595,"date":"2010-08-31T13:54:59","date_gmt":"2010-08-31T13:54:59","guid":{"rendered":"http:\/\/jeremiasnussbaum.com"},"modified":"2025-12-03T13:35:09","modified_gmt":"2025-12-03T11:35:09","slug":"vita","status":"publish","type":"page","link":"https:\/\/jeremiasnussbaum.com\/de\/vita","title":{"rendered":"Vita"},"content":{"rendered":"<p>Ich spreche flie\u00dfend: DEUTSCH, ENGLISCH, FRANZ\u00d6SISCH<\/p>\n<p>FILM<br \/>\n<em>Le choix du pianiste<\/em> von Jacques Otmezguine<br \/>\n<em>Eine verr\u00fcckte Geschichte<\/em> von Robert Guedigian<br \/>\n<em>Mince Alors!<\/em> von Charlotte de Turckheim<br \/>\n<em>Une vie meilleure<\/em> von C\u00e9dric Kahn<br \/>\n<em>L&#8217;arm\u00e9e du Crime<\/em> von Robert Guedigian<br \/>\n<em>Les femmes de l\u2019ombre<\/em> von Jean-Paul Salom\u00e9<br \/>\n<em>La Maison de Nina<\/em> von Richard Dembo<br \/>\n<em>The Statement<\/em> von Norman Jewison<\/p>\n<p>FERNSEHEN<br \/>\n<em>Lyc\u00e9e Toulouse-Lautrec<\/em> Regie: Shirley Monsarrat<br \/>\n<em>LT 21<\/em> Regie: M\u00e9lisa Godet<br \/>\n<em>Sc\u00e8nes de m\u00e9nages<\/em> Regie: Karim Adda<br \/>\n<em>Un Village fran\u00e7ais<\/em> Regie: Olivier Guignard<br \/>\n<em>Quand la guerre sera loin<\/em> Regie: Olivier Schatzky<br \/>\n<em>Rien dans les Poches<\/em> Regie: Marion Vernoux<br \/>\n<em>Guy Moquet, un Amour fusill\u00e9<\/em> Regie: Philippe B\u00e9renger<br \/>\n<em>L\u2019arche de Babel<\/em> Regie: Philippe Carrese<br \/>\n<em>Famille d\u2019Accueil<\/em> Regie: Alain Wermus<br \/>\n<em>Quai N\u00b01 ep. Fr\u00e8res d\u2019Armes<\/em> Regie: Alain Robillard<\/p>\n<p>THEATER<br \/>\n<em>Est-ce qu\u2019il y a quelqu\u2019un ici qui pense \u00e0 la France ?<\/em> (Kollektiv), Regie M\u00e9lanie P\u00e9clat<br \/>\n<em>Terre Noire<\/em> (Stefano Massini), UA, Regie Irina Brook, Nationaltheater Nizza<br \/>\n<em>Le cercle des ombres<\/em> (nach Franz Werfels &#8218;Die vierzig Tage des Musa Dagh&#8216;), UA, Regie Hovnatan Avedikian, Nationaltheater Nizza<br \/>\n<em>Der Sturm<\/em>, Regie Irina Brook<br \/>\n<em>Die Sklaveninsel<\/em> (Marivaux), Regie Irina Brook<br \/>\n<em>Eine Odyssee<\/em>, Regie Irina Brook<br \/>\n<em>Autre Chose<\/em>, Comedy, Text, Regie Lola Naymark<br \/>\n<em>Sascha<\/em>, Comedy-Theater, Text, Regie, Hauptrolle<\/p>\n<p>Divers: Berlinale Talents 2012<\/p>\n<p>DREHBUCH &amp; REGIE<br \/>\n<em>Audition sensible<\/em>, Kurzfilm, Drehbuch &amp; Regie<br \/>\n<em>L&#8217;h\u00f4tel parfait<\/em>, Spielfilm (Drehbuch-Preis SACD-Beaumarchais)<br \/>\n<em>One by one<\/em>, Spielfilm<br \/>\n<em>Sacha &amp; Brouno<\/em>, Internetserie, 5&#215;2&#8242; (Webfestival La Rochelle, France)<br \/>\n<em>Draped In A Dragon<\/em>, Kurzfilm, Drehbuch &amp; Regie<br \/>\n<em>Jacqueline&#8217;s revolution<\/em>, Kurzfilm, Drehbuch &amp; Regie<br \/>\n<em>The right night<\/em>, Kurzfilm, Drehbuch &amp; Regie<br \/>\n<em>One man&#8217;s fortune<\/em>, Kurzfilm, Drehbuch &amp; Regie<br \/>\n<em>Parisk!<\/em>, Webfilm, 45min, Drehbuch, Produktion, Hauptrolle<\/p>\n<p>STIMME<br \/>\nSprecher und Synchronisierungen f\u00fcr Film, Fernsehen und Radio auf Deutsch, Franz\u00f6sisch und Englisch<\/p>\n","protected":false},"excerpt":{"rendered":"<p>Ich spreche flie\u00dfend: DEUTSCH, ENGLISCH, FRANZ\u00d6SISCH FILM Le choix du pianiste von Jacques Otmezguine Eine verr\u00fcckte Geschichte von Robert Guedigian Mince Alors! von Charlotte de Turckheim Une vie meilleure von C\u00e9dric Kahn L&#8217;arm\u00e9e du Crime von Robert Guedigian Les femmes de l\u2019ombre von Jean-Paul Salom\u00e9 La Maison de Nina von Richard Dembo The Statement von &hellip; <\/p>\n<p class=\"link-more\"><a href=\"https:\/\/jeremiasnussbaum.com\/de\/vita\" class=\"more-link\"><span class=\"screen-reader-text\">\u201eVita\u201c <\/span>weiterlesen<\/a><\/p>\n","protected":false},"author":17,"featured_media":0,"parent":0,"menu_order":0,"comment_status":"open","ping_status":"open","template":"","meta":{"_monsterinsights_skip_tracking":false,"_monsterinsights_sitenote_active":false,"_monsterinsights_sitenote_note":"","_monsterinsights_sitenote_category":0,"footnotes":""},"class_list":["post-595","page","type-page","status-publish","hentry"],"aioseo_notices":[],"_links":{"self":[{"href":"https:\/\/jeremiasnussbaum.com\/de\/wp-json\/wp\/v2\/pages\/595","targetHints":{"allow":["GET"]}}],"collection":[{"href":"https:\/\/jeremiasnussbaum.com\/de\/wp-json\/wp\/v2\/pages"}],"about":[{"href":"https:\/\/jeremiasnussbaum.com\/de\/wp-json\/wp\/v2\/types\/page"}],"author":[{"embeddable":true,"href":"https:\/\/jeremiasnussbaum.com\/de\/wp-json\/wp\/v2\/users\/17"}],"replies":[{"embeddable":true,"href":"https:\/\/jeremiasnussbaum.com\/de\/wp-json\/wp\/v2\/comments?post=595"}],"version-history":[{"count":15,"href":"https:\/\/jeremiasnussbaum.com\/de\/wp-json\/wp\/v2\/pages\/595\/revisions"}],"predecessor-version":[{"id":25758,"href":"https:\/\/jeremiasnussbaum.com\/de\/wp-json\/wp\/v2\/pages\/595\/revisions\/25758"}],"wp:attachment":[{"href":"https:\/\/jeremiasnussbaum.com\/de\/wp-json\/wp\/v2\/media?parent=595"}],"curies":[{"name":"wp","href":"https:\/\/api.w.org\/{rel}","templated":true}]}}