{"id":598,"date":"2010-08-31T14:49:15","date_gmt":"2010-08-31T14:49:15","guid":{"rendered":"http:\/\/jeremiasnussbaum.com"},"modified":"2024-10-02T18:05:00","modified_gmt":"2024-10-02T16:05:00","slug":"leben","status":"publish","type":"page","link":"https:\/\/jeremiasnussbaum.com\/de\/leben","title":{"rendered":"Leben"},"content":{"rendered":"<figure id=\"attachment_6552\" aria-describedby=\"caption-attachment-6552\" style=\"width: 273px\" class=\"wp-caption alignright\"><img decoding=\"async\" class=\"wp-image-6552 size-medium lazyload\" title=\"Jeremias Nussbaum, actor, screenwriter, director\" data-src=\"https:\/\/jeremiasnussbaum.com\/wp-content\/uploads\/2021\/10\/jeremias-nussbaum_A6654-273x410.jpg\" alt=\"Jeremias Nussbaum by Andreas B. Krueger\" width=\"273\" height=\"410\" data-srcset=\"https:\/\/jeremiasnussbaum.com\/wp-content\/uploads\/2021\/10\/jeremias-nussbaum_A6654-273x410.jpg 273w, https:\/\/jeremiasnussbaum.com\/wp-content\/uploads\/2021\/10\/jeremias-nussbaum_A6654-768x1152.jpg 768w, https:\/\/jeremiasnussbaum.com\/wp-content\/uploads\/2021\/10\/jeremias-nussbaum_A6654-1024x1536.jpg 1024w, https:\/\/jeremiasnussbaum.com\/wp-content\/uploads\/2021\/10\/jeremias-nussbaum_A6654.jpg 1200w\" data-sizes=\"(max-width: 273px) 100vw, 273px\" src=\"data:image\/svg+xml;base64,PHN2ZyB3aWR0aD0iMSIgaGVpZ2h0PSIxIiB4bWxucz0iaHR0cDovL3d3dy53My5vcmcvMjAwMC9zdmciPjwvc3ZnPg==\" style=\"--smush-placeholder-width: 273px; --smush-placeholder-aspect-ratio: 273\/410;\" \/><figcaption id=\"caption-attachment-6552\" class=\"wp-caption-text\">Jeremias Nussbaum<\/figcaption><\/figure>\n<p>Nach einer erfolgreichen Geburt im Deutschland der 80er Jahre fange ich mit 8 Jahren im Theater an. Ich bleibe auf Nebenrollen beschr\u00e4nkt, bis ich 10 bin. Alles \u00e4ndert sich, als ich endlich im Schultheater den Germanengott Thor spielen darf. Ich stecke die ganze Lebenswut meiner 1 Meter 10 in den tobenden Donnergott. Mit 17 verdiene ich mein erstes Geld mit Kino: Ich gewinne einen ersten Preis f\u00fcr meinen Kurzfilm <em>Culex<\/em>. Seitdem schwankt mein Leben best\u00e4ndig zwischen der Freude am Spielen und dem Bed\u00fcrfnis, meine eigenen Werke zu kreieren.<\/p>\n<p>Mit 18 verlasse ich die Schule und fege 6 Monate Manege im <a title=\"Die Wikipedia-Seite von Circus Roncalli\" href=\"http:\/\/de.wikipedia.org\/wiki\/Circus_Roncalli\" target=\"_blank\" rel=\"noopener\">Circus Roncalli<\/a>. Nach sechs Monaten auf Tour beschlie\u00dfe ich, mein Gl\u00fcck in Hongkong zu versuchen und lande\u2026 in Paris.<br \/>\nSeitdem lebe ich dort. In Frankreich arbeite ich schnell als Akrobat und Schauspieler und gebe 2003 mein Filmdeb\u00fct in dem Film <a title=\"Wikipedia-Seite f\u00fcr &quot;The Statement&quot;\" href=\"http:\/\/de.wikipedia.org\/wiki\/The_Statement\" target=\"_blank\" rel=\"noopener\">The statement<\/a> von Norman Jewison.<br \/>\nNach einigen Auftritten im Fernsehen drehe ich 2004 in meinem ersten rein franz\u00f6sischen Kinofilm, <a title=\"Franz\u00f6sische Wikipedia-Seite f\u00fcr &quot;La Maison de Nina&quot;\" href=\"https:\/\/fr.wikipedia.org\/wiki\/La_Maison_de_Nina\" target=\"_blank\" rel=\"noopener\">La Maison de Nina<\/a>, dem neusten Film von Richard Dembo.<br \/>\n2006 entsteht meine erste abendf\u00fcllende B\u00fchnenshow, das Comedy-Musical <em>Sascha<\/em>. 2007 entsteht eine Webserie und 2009 beginne ich mit der Arbeit an einem ersten Langfilm-Projekt. Mein Drehbuch <em>L&#8217;h\u00f4tel parfait<\/em> wird von der Drehbuchf\u00f6rderung <em>Beaumarchais-SACD<\/em> unterst\u00fctzt.<\/p>\n<p>Anfang 2012 nehme ich an den <a title=\"Link zu meinem Profil bei Berlinale Talents\" href=\"https:\/\/www.berlinale-talents.de\/bt\/talent\/jeremias-nussbaum\/profile\" target=\"_blank\" rel=\"noopener\">Berlinale Talents<\/a> teil. Sp\u00e4ter im Jahr gr\u00fcnde ich <a title=\"Englische Internetseite von Mias Media\" href=\"http:\/\/mias.fr\/en\">Mias Media<\/a>, um die Erstellung meiner Film- und Videoprojekte zu unterst\u00fctzen. Im selben Jahr erscheint die Web-Comedy-Serie <em>Sacha et Brouno<\/em>, die unter anderem auf dem Webfestival in La Rochelle pr\u00e4sentiert wird.<\/p>\n<p>Mit <em>Mias Media<\/em> produzieren wir \u00fcber die Jahre einige preisgekr\u00f6nte Kurzfilme sowie zahlreiche Musikvideos, Comedy-Videos und Werbespots f\u00fcrs Internet. Zwischen 2013 und 2017 spiele ich mit Irina Brooks <em>Dreamtheatre<\/em> auf Tournee und nehme an mehreren Kreationen am Th\u00e9\u00e2tre National in Nizza teil. 2015 kreiere und spiele ich in meinem ersten abendf\u00fcllenden Solost\u00fcck: <em>Autre Chose<\/em>. Anfang 2024 werde ich Associate Producer von Benjamin Bonnets <a title=\"Mood Film Productions\" href=\"https:\/\/www.moodfilmsproduction.com\/\">Mood Films<\/a>. Ich bin kein Fan von Montagmorgen und trinke eindeutig zu viel Kaffee.<\/p>\n","protected":false},"excerpt":{"rendered":"<p>Nach einer erfolgreichen Geburt im Deutschland der 80er Jahre fange ich mit 8 Jahren im Theater an. Ich bleibe auf Nebenrollen beschr\u00e4nkt, bis ich 10 bin. Alles \u00e4ndert sich, als ich endlich im Schultheater den Germanengott Thor spielen darf. Ich stecke die ganze Lebenswut meiner 1 Meter 10 in den tobenden Donnergott. Mit 17 verdiene &hellip; <\/p>\n<p class=\"link-more\"><a href=\"https:\/\/jeremiasnussbaum.com\/de\/leben\" class=\"more-link\"><span class=\"screen-reader-text\">\u201eLeben\u201c <\/span>weiterlesen<\/a><\/p>\n","protected":false},"author":17,"featured_media":0,"parent":0,"menu_order":2,"comment_status":"open","ping_status":"closed","template":"","meta":{"_monsterinsights_skip_tracking":false,"_monsterinsights_sitenote_active":false,"_monsterinsights_sitenote_note":"","_monsterinsights_sitenote_category":0,"footnotes":""},"class_list":["post-598","page","type-page","status-publish","hentry"],"aioseo_notices":[],"_links":{"self":[{"href":"https:\/\/jeremiasnussbaum.com\/de\/wp-json\/wp\/v2\/pages\/598","targetHints":{"allow":["GET"]}}],"collection":[{"href":"https:\/\/jeremiasnussbaum.com\/de\/wp-json\/wp\/v2\/pages"}],"about":[{"href":"https:\/\/jeremiasnussbaum.com\/de\/wp-json\/wp\/v2\/types\/page"}],"author":[{"embeddable":true,"href":"https:\/\/jeremiasnussbaum.com\/de\/wp-json\/wp\/v2\/users\/17"}],"replies":[{"embeddable":true,"href":"https:\/\/jeremiasnussbaum.com\/de\/wp-json\/wp\/v2\/comments?post=598"}],"version-history":[{"count":14,"href":"https:\/\/jeremiasnussbaum.com\/de\/wp-json\/wp\/v2\/pages\/598\/revisions"}],"predecessor-version":[{"id":21015,"href":"https:\/\/jeremiasnussbaum.com\/de\/wp-json\/wp\/v2\/pages\/598\/revisions\/21015"}],"wp:attachment":[{"href":"https:\/\/jeremiasnussbaum.com\/de\/wp-json\/wp\/v2\/media?parent=598"}],"curies":[{"name":"wp","href":"https:\/\/api.w.org\/{rel}","templated":true}]}}