{"id":2,"date":"2010-08-16T09:37:41","date_gmt":"2010-08-16T09:37:41","guid":{"rendered":"http:\/\/jeremiasnussbaum.com\/?page_id=2"},"modified":"2024-10-02T18:04:32","modified_gmt":"2024-10-02T16:04:32","slug":"mon-parcours","status":"publish","type":"page","link":"https:\/\/jeremiasnussbaum.com\/fr\/mon-parcours","title":{"rendered":"Mon Parcours"},"content":{"rendered":"<figure id=\"attachment_6552\" aria-describedby=\"caption-attachment-6552\" style=\"width: 273px\" class=\"wp-caption alignright\"><img decoding=\"async\" class=\"wp-image-6552 size-medium lazyload\" title=\"Jeremias Nussbaum, actor, screenwriter, director\" data-src=\"https:\/\/jeremiasnussbaum.com\/wp-content\/uploads\/2021\/10\/jeremias-nussbaum_A6654-273x410.jpg\" alt=\"Jeremias Nussbaum by Andreas B. Krueger\" width=\"273\" height=\"410\" data-srcset=\"https:\/\/jeremiasnussbaum.com\/wp-content\/uploads\/2021\/10\/jeremias-nussbaum_A6654-273x410.jpg 273w, https:\/\/jeremiasnussbaum.com\/wp-content\/uploads\/2021\/10\/jeremias-nussbaum_A6654-768x1152.jpg 768w, https:\/\/jeremiasnussbaum.com\/wp-content\/uploads\/2021\/10\/jeremias-nussbaum_A6654-1024x1536.jpg 1024w, https:\/\/jeremiasnussbaum.com\/wp-content\/uploads\/2021\/10\/jeremias-nussbaum_A6654.jpg 1200w\" data-sizes=\"(max-width: 273px) 100vw, 273px\" src=\"data:image\/svg+xml;base64,PHN2ZyB3aWR0aD0iMSIgaGVpZ2h0PSIxIiB4bWxucz0iaHR0cDovL3d3dy53My5vcmcvMjAwMC9zdmciPjwvc3ZnPg==\" style=\"--smush-placeholder-width: 273px; --smush-placeholder-aspect-ratio: 273\/410;\" \/><figcaption id=\"caption-attachment-6552\" class=\"wp-caption-text\">Jeremias Nussbaum<\/figcaption><\/figure>\n<p>Apr\u00e8s une naissance r\u00e9ussie dans l&rsquo;Allemagne des ann\u00e9es 80, je d\u00e9bute au th\u00e9\u00e2tre \u00e0 8 ans. Je reste cantonn\u00e9 aux seconds r\u00f4les jusqu&rsquo;\u00e0 mes 10 ans. Tout change quand je peux enfin laisser exprimer ma rage de vivre dans la pi\u00e8ce de th\u00e9\u00e2tre de mon \u00e9cole, en interpr\u00e9tant le dieu de la tonnerre Thor du haut de mes un m\u00e8tre dix. J\u2019ai 17 ans lorsque je touche ma premi\u00e8re r\u00e9mun\u00e9ration dans le cin\u00e9ma : je gagne un premier prix pour mon court-m\u00e9trage \u00ab\u00a0Culex\u00a0\u00bb.\u00a0 Depuis, ma vie oscille entre la joie d\u2019interpr\u00e9ter et le besoin de cr\u00e9er.<\/p>\n<p>\u00c0 18 ans je quitte l&rsquo;\u00e9cole pour partir avec le cirque. Apr\u00e8s six mois de tourn\u00e9e je d\u00e9cide de tenter ma chance \u00e0 Hong-Kong et j&rsquo;atterris\u2026 \u00e0 Paris.<br \/>\nJ&rsquo;y vis depuis. \u00c0 mes d\u00e9buts en France je travaille en tant qu&rsquo;acrobate et com\u00e9dien et d\u00e9bute au cin\u00e9ma en 2003 dans le film <a href=\"https:\/\/fr.wikipedia.org\/wiki\/Crime_contre_l%27humanit%C3%A9_(film)\">The statement<\/a> de <a href=\"https:\/\/fr.wikipedia.org\/wiki\/Norman_Jewison\">Norman Jewison<\/a>.<br \/>\nApr\u00e8s quelques apparitions \u00e0 la t\u00e9l\u00e9vision je participe en 2004 \u00e0 mon premier long-m\u00e9trage franco-fran\u00e7ais, <a href=\"https:\/\/fr.wikipedia.org\/wiki\/La_Maison_de_Nina\">La maison de Nina<\/a>, le dernier film de <a href=\"https:\/\/fr.wikipedia.org\/wiki\/Richard_Dembo\">Richard Dembo<\/a>.<br \/>\nJe cr\u00e9e un premier spectacle comico-musical en 2006, une web-s\u00e9rie en 2007, et me lance dans l&rsquo;\u00e9criture d&rsquo;un long-m\u00e9trage en 2009. Mon sc\u00e9nario <a href=\"http:\/\/mias.fr\/fr\/projects\/l-hotel-parfait\">L&rsquo;h\u00f4tel parfait<\/a> sera soutenu par la Bourse Beaumarchais-SACD.<\/p>\n<p>D\u00e9but 2012, je participe aux <a href=\"https:\/\/www.berlinale-talents.de\/\" target=\"_blank\" rel=\"noopener\">Berlinale Talents<\/a>. Plus tard dans l&rsquo;ann\u00e9e je fonde la soci\u00e9t\u00e9 <a href=\"http:\/\/mias.fr\/fr\">Mias Media<\/a> pour soutenir la cr\u00e9ation de mes projets audiovisuels. La m\u00eame ann\u00e9e sort la shortcom \u00ab Sacha et Brouno \u00bb qui sera entre autres pr\u00e9sent\u00e9e au Web festival de La Rochelle.<\/p>\n<p>Avec Mias Media nous avons \u00e0 ce jour produit des court-m\u00e9trages prim\u00e9s et s\u00e9lectionn\u00e9s dans des festivals du monde entier ainsi que de nombreux clips et publicit\u00e9s pour internet. Entre 2013 et 2017 je joue avec la compagnie d&rsquo;Irina Brook en tourn\u00e9e et je participe \u00e0 plusieurs cr\u00e9ations au Th\u00e9\u00e2tre National de Nice. En 2015 je cr\u00e9e et joue dans le seul-en-sc\u00e8ne \u00ab\u00a0Autre Chose\u00a0\u00bb.<\/p>\n<p>D\u00e9but 2024 je m&rsquo;associe \u00e0 Benjamin Bonnet en devenant producteur associ\u00e9 chez <a title=\"Mood Films Production\" href=\"https:\/\/www.moodfilmsproduction.com\/\" target=\"_blank\" rel=\"noopener\">Mood Films<\/a>. J&rsquo;aime pas les lundis matins.<\/p>\n","protected":false},"excerpt":{"rendered":"<p>Apr\u00e8s une naissance r\u00e9ussie dans l&rsquo;Allemagne des ann\u00e9es 80, je d\u00e9bute au th\u00e9\u00e2tre \u00e0 8 ans. Je reste cantonn\u00e9 aux seconds r\u00f4les jusqu&rsquo;\u00e0 mes 10 ans. Tout change quand je peux enfin laisser exprimer ma rage de vivre dans la pi\u00e8ce de th\u00e9\u00e2tre de mon \u00e9cole, en interpr\u00e9tant le dieu de la tonnerre Thor du &hellip; <\/p>\n<p class=\"link-more\"><a href=\"https:\/\/jeremiasnussbaum.com\/fr\/mon-parcours\" class=\"more-link\">Continuer la lecture<span class=\"screen-reader-text\"> de &laquo;&nbsp;Mon Parcours&nbsp;&raquo;<\/span><\/a><\/p>\n","protected":false},"author":17,"featured_media":0,"parent":0,"menu_order":2,"comment_status":"open","ping_status":"closed","template":"","meta":{"_monsterinsights_skip_tracking":false,"_monsterinsights_sitenote_active":false,"_monsterinsights_sitenote_note":"","_monsterinsights_sitenote_category":0,"footnotes":""},"class_list":["post-2","page","type-page","status-publish","hentry"],"aioseo_notices":[],"_links":{"self":[{"href":"https:\/\/jeremiasnussbaum.com\/fr\/wp-json\/wp\/v2\/pages\/2","targetHints":{"allow":["GET"]}}],"collection":[{"href":"https:\/\/jeremiasnussbaum.com\/fr\/wp-json\/wp\/v2\/pages"}],"about":[{"href":"https:\/\/jeremiasnussbaum.com\/fr\/wp-json\/wp\/v2\/types\/page"}],"author":[{"embeddable":true,"href":"https:\/\/jeremiasnussbaum.com\/fr\/wp-json\/wp\/v2\/users\/17"}],"replies":[{"embeddable":true,"href":"https:\/\/jeremiasnussbaum.com\/fr\/wp-json\/wp\/v2\/comments?post=2"}],"version-history":[{"count":8,"href":"https:\/\/jeremiasnussbaum.com\/fr\/wp-json\/wp\/v2\/pages\/2\/revisions"}],"predecessor-version":[{"id":21017,"href":"https:\/\/jeremiasnussbaum.com\/fr\/wp-json\/wp\/v2\/pages\/2\/revisions\/21017"}],"wp:attachment":[{"href":"https:\/\/jeremiasnussbaum.com\/fr\/wp-json\/wp\/v2\/media?parent=2"}],"curies":[{"name":"wp","href":"https:\/\/api.w.org\/{rel}","templated":true}]}}