{"id":4,"date":"2010-08-17T09:16:02","date_gmt":"2010-08-17T09:16:02","guid":{"rendered":"http:\/\/jeremiasnussbaum.com\/?page_id=4"},"modified":"2025-12-03T13:33:48","modified_gmt":"2025-12-03T11:33:48","slug":"mon-travail","status":"publish","type":"page","link":"https:\/\/jeremiasnussbaum.com\/fr\/mon-travail","title":{"rendered":"Mon CV"},"content":{"rendered":"<p>Com\u00e9dien trilingue FRAN\u00c7AIS, ANGLAIS, ALLEMAND<\/p>\n<p>CIN\u00c9MA<br \/>\n<em>Le choix du pianiste<\/em> de Jacques Otmezguine<br \/>\n<em>Une histoire de fou<\/em> de Robert Guedigian<br \/>\n<em>Mince Alors!<\/em> de Charlotte de Turckheim<br \/>\n<em>Une vie meilleure<\/em> de C\u00e9dric Kahn<br \/>\n<em>L&rsquo;arm\u00e9e du Crime<\/em> de Robert Guedigian<br \/>\n<em>Les femmes de l\u2019ombre<\/em> de Jean-Paul Salom\u00e9<br \/>\n<em>La Maison de Nina<\/em> de Richard Dembo<br \/>\n<em>The Statement<\/em> de Norman Jewison<\/p>\n<p>T\u00c9L\u00c9VISION<br \/>\n<em>Lyc\u00e9e Toulouse-Lautrec<\/em> de Shirley Monsarrat<br \/>\n<em>LT 21<\/em> de M\u00e9lisa Godet<br \/>\n<em>Sc\u00e8nes de m\u00e9nages<\/em> de Karim Adda<br \/>\n<em>Un Village fran\u00e7ais<\/em> de Olivier Guignard<br \/>\n<em>Quand la guerre sera loin<\/em> de Olivier Schatzky<br \/>\n<em>Rien dans les Poches<\/em> de Marion Vernoux<br \/>\n<em>Guy Moquet, un Amour fusill\u00e9<\/em><br \/>\n<em>L\u2019arche de Babel<\/em> de Philippe Carrese<br \/>\n<em>Famille d\u2019Accueil<\/em> de Alain Wermus<br \/>\n<em>Quai N\u00b01 ep. Fr\u00e8res d\u2019Armes<\/em> de Alain Robillard<\/p>\n<p>TH\u00c9\u00c2TRE<br \/>\n<em>Est-ce qu\u2019il y a quelqu\u2019un ici qui pense \u00e0 la France ?<\/em> (\u00c9criture collective), Mise en sc\u00e8ne M\u00e9lanie P\u00e9clat, Tourn\u00e9e<br \/>\n<em>Terre Noire<\/em> (Stefano Massini), Cr\u00e9ation, Mise en sc\u00e8ne Irina Brook, Th\u00e9\u00e2tre National de Nice<br \/>\n<em>Le cercle des ombres<\/em> (Franz Werfel), Mise en sc\u00e8ne Hovnatan Avedikian, Th\u00e9\u00e2tre National de Nice<br \/>\n<em>Temp\u00eate!<\/em> (d&rsquo;apr\u00e8s Shakespeare), M. e. s. Irina Brook, Tourn\u00e9e, Festival de Spoleto (Italie), Th\u00e9\u00e2tre National de Nice<br \/>\n<em>Ile des Esclaves<\/em> (Marivaux), Mise en sc\u00e8ne Irina Brook, Tourn\u00e9e, Festival de Spoleto (Italie)<br \/>\n<em>Une Odyss\u00e9e<\/em> (Adaptation de Jean-Claude Carri\u00e8re et d&rsquo;Irina Brook), M. e. s. Irina Brook, Tourn\u00e9e, Th\u00e9\u00e2tre National de Nice<br \/>\n<em>Autre Chose<\/em> one man show, \u00e9crit, Mise en sc\u00e8ne Lola Naymark<br \/>\n<em>Sacha<\/em>, spectacle comique, \u00e9crit, mise en sc\u00e8ne, r\u00f4le principal<\/p>\n<p>\u00c9CRITURE &amp; R\u00c9ALISATIONS<br \/>\n<em>Audition sensible<\/em>, court-m\u00e9trage, \u00e9crit &amp; r\u00e9alis\u00e9<br \/>\n<em>L&rsquo;h\u00f4tel parfait<\/em>, long-m\u00e9trage, \u00e9crit (Prix SACD-Beaumarchais)<br \/>\n<em>Une \u00e0 une allum\u00e9es<\/em>, long-m\u00e9trage, \u00e9crit<br \/>\n<em>Sacha &amp; Brouno<\/em>, shortcom, \u00e9crit &amp; r\u00e9alis\u00e9 (5\u00d72\u2032, web-festival La Rochelle)<br \/>\n<em>Draped In A Dragon<\/em>, court-m\u00e9trage, \u00e9crit &amp; r\u00e9alis\u00e9<br \/>\n<em>Jacqueline et la r\u00e9volution<\/em>, court-m\u00e9trage, \u00e9crit &amp; r\u00e9alis\u00e9<br \/>\n<em>Le bon soir<\/em>, court-m\u00e9trage, \u00e9crit &amp; r\u00e9alis\u00e9<br \/>\n<em>Le bonheur des Uns<\/em>, court-m\u00e9trage, \u00e9crit &amp; r\u00e9alis\u00e9<br \/>\n<em>Parisk!<\/em>, fiction Web, \u00e9crit, produit, r\u00f4le principal<\/p>\n<p>VOIX<br \/>\nNombreux voix et doublages pour film, t\u00e9l\u00e9vision et radio, doublage en Fran\u00e7ais, Allemand et Anglais (<a title=\"Demos Voix Doublage, Postsynchro, Jingle Radio \u2013 Fran\u00e7ais, Allemand\" href=\"https:\/\/jeremiasnussbaum.com\/fr\/8348\/demos-voix-doublage-postsynchro-jingle-radio-francais-allemand-anglais.html\">Demos Voix Doublage, Postsynchro, Jingle Radio \u2013 Fran\u00e7ais, Allemand<\/a>)<\/p>\n","protected":false},"excerpt":{"rendered":"<p>Com\u00e9dien trilingue FRAN\u00c7AIS, ANGLAIS, ALLEMAND CIN\u00c9MA Le choix du pianiste de Jacques Otmezguine Une histoire de fou de Robert Guedigian Mince Alors! de Charlotte de Turckheim Une vie meilleure de C\u00e9dric Kahn L&rsquo;arm\u00e9e du Crime de Robert Guedigian Les femmes de l\u2019ombre de Jean-Paul Salom\u00e9 La Maison de Nina de Richard Dembo The Statement de &hellip; <\/p>\n<p class=\"link-more\"><a href=\"https:\/\/jeremiasnussbaum.com\/fr\/mon-travail\" class=\"more-link\">Continuer la lecture<span class=\"screen-reader-text\"> de &laquo;&nbsp;Mon CV&nbsp;&raquo;<\/span><\/a><\/p>\n","protected":false},"author":17,"featured_media":0,"parent":0,"menu_order":0,"comment_status":"open","ping_status":"open","template":"","meta":{"_monsterinsights_skip_tracking":false,"_monsterinsights_sitenote_active":false,"_monsterinsights_sitenote_note":"","_monsterinsights_sitenote_category":0,"footnotes":""},"class_list":["post-4","page","type-page","status-publish","hentry"],"aioseo_notices":[],"_links":{"self":[{"href":"https:\/\/jeremiasnussbaum.com\/fr\/wp-json\/wp\/v2\/pages\/4","targetHints":{"allow":["GET"]}}],"collection":[{"href":"https:\/\/jeremiasnussbaum.com\/fr\/wp-json\/wp\/v2\/pages"}],"about":[{"href":"https:\/\/jeremiasnussbaum.com\/fr\/wp-json\/wp\/v2\/types\/page"}],"author":[{"embeddable":true,"href":"https:\/\/jeremiasnussbaum.com\/fr\/wp-json\/wp\/v2\/users\/17"}],"replies":[{"embeddable":true,"href":"https:\/\/jeremiasnussbaum.com\/fr\/wp-json\/wp\/v2\/comments?post=4"}],"version-history":[{"count":17,"href":"https:\/\/jeremiasnussbaum.com\/fr\/wp-json\/wp\/v2\/pages\/4\/revisions"}],"predecessor-version":[{"id":25757,"href":"https:\/\/jeremiasnussbaum.com\/fr\/wp-json\/wp\/v2\/pages\/4\/revisions\/25757"}],"wp:attachment":[{"href":"https:\/\/jeremiasnussbaum.com\/fr\/wp-json\/wp\/v2\/media?parent=4"}],"curies":[{"name":"wp","href":"https:\/\/api.w.org\/{rel}","templated":true}]}}